{"id":939,"date":"2022-05-03T15:31:09","date_gmt":"2022-05-03T13:31:09","guid":{"rendered":"https:\/\/sansupervision.com\/?page_id=939"},"modified":"2022-09-28T17:15:50","modified_gmt":"2022-09-28T15:15:50","slug":"jasna-knez","status":"publish","type":"page","link":"https:\/\/sansupervision.com\/sl\/jasna-knez\/","title":{"rendered":"Jasna Knez"},"content":{"rendered":"<p>[et_pb_section fb_built=&#8221;1&#8243; custom_padding_last_edited=&#8221;on|phone&#8221; disabled_on=&#8221;off|off|off&#8221; admin_label=&#8221;Blank Section &#8211; Image Background&#8221; _builder_version=&#8221;4.16.1&#8243; background_color=&#8221;#1C7FB8&#8243; background_enable_image=&#8221;off&#8221; custom_padding=&#8221;||||true|false&#8221; custom_padding_tablet=&#8221;260px||260px||true&#8221; custom_padding_phone=&#8221;20px||20px||true|false&#8221; top_divider_flip=&#8221;horizontal&#8221; bottom_divider_color=&#8221;#f5f5f5&#8243; bottom_divider_flip=&#8221;horizontal&#8221; global_colors_info=&#8221;{}&#8221;][et_pb_row _builder_version=&#8221;4.16.1&#8243; _module_preset=&#8221;default&#8221; global_colors_info=&#8221;{}&#8221;][et_pb_column type=&#8221;4_4&#8243; _builder_version=&#8221;4.16&#8243; _module_preset=&#8221;default&#8221; global_colors_info=&#8221;{}&#8221;][et_pb_text _builder_version=&#8221;4.16.1&#8243; _module_preset=&#8221;default&#8221; header_text_align=&#8221;center&#8221; header_text_color=&#8221;#F5FFFF&#8221; header_font_size=&#8221;55px&#8221; header_font_size_tablet=&#8221;55px&#8221; header_font_size_phone=&#8221;34px&#8221; header_font_size_last_edited=&#8221;on|phone&#8221; global_colors_info=&#8221;{}&#8221;]<\/p>\n<h1><strong>JASNA KNEZ<\/strong><\/h1>\n<p>[\/et_pb_text][\/et_pb_column][\/et_pb_row][\/et_pb_section][et_pb_section fb_built=&#8221;1&#8243; specialty=&#8221;on&#8221; _builder_version=&#8221;4.16.1&#8243; _module_preset=&#8221;default&#8221; global_colors_info=&#8221;{}&#8221;][et_pb_column type=&#8221;1_4&#8243; _builder_version=&#8221;4.16&#8243; custom_padding=&#8221;|||&#8221; global_colors_info=&#8221;{}&#8221; custom_padding__hover=&#8221;|||&#8221;][et_pb_image src=&#8221;https:\/\/sansupervision.com\/wp-content\/uploads\/2021\/12\/Jasna-Knez.png&#8221; title_text=&#8221;Jasna Knez&#8221; _builder_version=&#8221;4.16.1&#8243; _module_preset=&#8221;default&#8221; custom_padding=&#8221;||50px||false|false&#8221; border_radii=&#8221;on|250px|250px|250px|250px&#8221; border_width_all=&#8221;5px&#8221; border_color_all=&#8221;#1C7FB8&#8243; global_colors_info=&#8221;{}&#8221;][\/et_pb_image][et_pb_blurb title=&#8221;+ 386 41 799 644&#8243; use_icon=&#8221;on&#8221; font_icon=&#8221;&#xe090;||divi||400&#8243; icon_color=&#8221;#1C7FB8&#8243; image_icon_background_color=&#8221;#AFDEF5&#8243; icon_placement=&#8221;left&#8221; image_icon_width=&#8221;22px&#8221; _builder_version=&#8221;4.16.1&#8243; _module_preset=&#8221;default&#8221; header_line_height=&#8221;2em&#8221; border_radii_image=&#8221;on|30px|30px|30px|30px&#8221; border_width_all_image=&#8221;10px&#8221; border_color_all_image=&#8221;#AFDEF5&#8243; global_colors_info=&#8221;{}&#8221;][\/et_pb_blurb][et_pb_blurb title=&#8221;jasna@povejnaglas.si&#8221; use_icon=&#8221;on&#8221; font_icon=&#8221;&#xf0e0;||fa||900&#8243; icon_color=&#8221;#1C7FB8&#8243; image_icon_background_color=&#8221;#AFDEF5&#8243; icon_placement=&#8221;left&#8221; image_icon_width=&#8221;22px&#8221; _builder_version=&#8221;4.16.1&#8243; _module_preset=&#8221;default&#8221; header_line_height=&#8221;2em&#8221; border_radii_image=&#8221;on|30px|30px|30px|30px&#8221; border_width_all_image=&#8221;10px&#8221; border_color_all_image=&#8221;#AFDEF5&#8243; global_colors_info=&#8221;{}&#8221;][\/et_pb_blurb][et_pb_blurb title=&#8221;www.povejnaglas.si&#8221; url=&#8221;http:\/\/www.povejnaglas.si&#8221; url_new_window=&#8221;on&#8221; use_icon=&#8221;on&#8221; font_icon=&#8221;&#xe0e3;||divi||400&#8243; icon_color=&#8221;#1C7FB8&#8243; image_icon_background_color=&#8221;#AFDEF5&#8243; icon_placement=&#8221;left&#8221; image_icon_width=&#8221;22px&#8221; _builder_version=&#8221;4.16.1&#8243; _module_preset=&#8221;default&#8221; header_line_height=&#8221;2em&#8221; link_option_url=&#8221;www.povejnaglas.si&#8221; link_option_url_new_window=&#8221;on&#8221; border_radii_image=&#8221;on|30px|30px|30px|30px&#8221; border_width_all_image=&#8221;10px&#8221; border_color_all_image=&#8221;#AFDEF5&#8243; global_colors_info=&#8221;{}&#8221;][\/et_pb_blurb][et_pb_blurb title=&#8221;in\/jasna-knez\/&#8221; url=&#8221;https:\/\/www.linkedin.com\/in\/jasna-knez\/&#8221; url_new_window=&#8221;on&#8221; use_icon=&#8221;on&#8221; font_icon=&#8221;&#xf08c;||fa||400&#8243; icon_color=&#8221;#1C7FB8&#8243; image_icon_background_color=&#8221;#AFDEF5&#8243; icon_placement=&#8221;left&#8221; image_icon_width=&#8221;22px&#8221; _builder_version=&#8221;4.16.1&#8243; _module_preset=&#8221;default&#8221; header_line_height=&#8221;2em&#8221; link_option_url=&#8221; https:\/\/www.linkedin.com\/in\/jasna-knez\/&#8221; link_option_url_new_window=&#8221;on&#8221; border_radii_image=&#8221;on|30px|30px|30px|30px&#8221; border_width_all_image=&#8221;10px&#8221; border_color_all_image=&#8221;#AFDEF5&#8243; global_colors_info=&#8221;{}&#8221;][\/et_pb_blurb][\/et_pb_column][et_pb_column type=&#8221;3_4&#8243; specialty_columns=&#8221;3&#8243; _builder_version=&#8221;4.16&#8243; custom_padding=&#8221;|||&#8221; global_colors_info=&#8221;{}&#8221; custom_padding__hover=&#8221;|||&#8221;][et_pb_row_inner custom_padding_last_edited=&#8221;on|phone&#8221; disabled_on=&#8221;off|off|off&#8221; _builder_version=&#8221;4.17.4&#8243; _module_preset=&#8221;default&#8221; custom_padding=&#8221;|20px||100px|false|false&#8221; custom_padding_tablet=&#8221;|20px||100px|false|false&#8221; custom_padding_phone=&#8221;|0px||0px|false|false&#8221; hover_enabled=&#8221;0&#8243; global_colors_info=&#8221;{}&#8221; sticky_enabled=&#8221;0&#8243;][et_pb_column_inner saved_specialty_column_type=&#8221;3_4&#8243; _builder_version=&#8221;4.16.1&#8243; _module_preset=&#8221;default&#8221; global_colors_info=&#8221;{}&#8221;][et_pb_text _builder_version=&#8221;4.17.4&#8243; _module_preset=&#8221;default&#8221; text_font_size=&#8221;16px&#8221; hover_enabled=&#8221;0&#8243; global_colors_info=&#8221;{}&#8221; sticky_enabled=&#8221;0&#8243;]<\/p>\n<h2><strong>\u00a0 Certifikati<\/strong><\/h2>\n<ul>\n<li>ESIA European Supervision Individual Award \u2013 individual accreditation<\/li>\n<li>EIA European Individual Award Senior Practitioner<\/li>\n<li>MCC Master Certified Coach individual credentialing by ICF<\/li>\n<li>ITCA Individual Team Coach accreditation Practitioner<\/li>\n<\/ul>\n<h2><strong>Izobra\u017eevanja<\/strong><\/h2>\n<ul>\n<li>Bluesky International \u2013\u00a0\u00a0BI ESQA Diploma Coach Supervisor training (2022)<\/li>\n<li>Gestalt Center For Coaching \u2013\u00a0The Path to Coaching Mastery: Embody the Essence and Practice of Mastery \u2013 Path to Mastery \u2013 Coaching Mastery Coach(2021)<\/li>\n<li>Global Team Coaching Institute \u2013\u00a0Practitioner in Team Coaching \u2013 Perill Stream (2021)<\/li>\n<li>Coaches Raising \u2013\u00a0The Power of Embodied Transformation \u2013\u00a0\u00a0Transformational coach (2020)<\/li>\n<li>Systemic management &amp; organizational Constellations \u2013 (2019)<\/li>\n<li>Integral Institute \u2013 Professional Integral Leadership Coach, Integral Coaching facilitator \u00a0(2019, 2020)<\/li>\n<li>EMCC Unidici\u00a0\u2013 Coach supervizor trening (2018)<\/li>\n<li>Coaching &amp; Mentoring International David Clutterbuck \u2013 Team Coach (2018)<\/li>\n<li>Jungian Coaching School \u2013 Jungian Master Coach &amp;\u00a0Trainer (2015-2019)<\/li>\n<li>Academy of Executive Coaching \u2013 Systemic Team Coach 2015<\/li>\n<li>Expressive Arts Coach &amp; Therapy \u2013 \u00a0CEAT practitioner &amp;\u00a0facilitator \u2013 CEAT coach 2014-2016<\/li>\n<li>INLPTA \u2013 NLP Coach (2013 \u2013 2014)<\/li>\n<li>Strozzi Embodiment \u00a0(2014)<\/li>\n<li>Academy of Executive Coaching \u2013 Executive Coaching(2012 \u2013 2013)<\/li>\n<li>University in Ljubljana, HRM &amp; Economics<\/li>\n<\/ul>\n<p>&nbsp;<\/p>\n<h2><strong>Moja filozofija supervizije<\/strong><\/h2>\n<p><span style=\"font-size: 16px;\">SuperVizija zame, nam coachem ponuja prisotnost in mo\u010d \u00bbsamo biti\u00ab, kjer intenzivno<br \/>razvijamo sposobnost u\u010denja iz vsake coaching situacije ter potrebo po zavedanju dogajanja v na\u0161em zunanjem in notranjem \u00bbgledali\u0161\u010du\u00ab. Odpira nas globljemu razmisleku o tem, kdo smo z na\u0161imi strankami.<br \/>Moja strast je opolnomo\u010diti in podpirati coache, na poti njihovega razvoja kompetenc in<br \/>kapacitete, da se zmojstrijo v na\u010dinu dela s svojimi strankami. Vse to, z ustvarjanjem okolja<br \/>zaupanja, pravo stopnjo podpore, izziva in spodbude,\u00a0da premaknejo meje tega, kar lahko<br \/>resni\u010dno dose\u017eejo in postanejo.<br \/>Zavzemam se za celosten pristop in raznolikost. Moj stil supervizije je pragmati\u010den,<br \/>soustvarjalen in kreativen, celosten in osredoto\u010den na sistemsko in integrativno perspektivo.<br \/>Udobno mi je delati s kompleksnostjo, intenzivnostjo in \u200b\u200bs tem, kar je prisotno v polju.<br \/>Skupaj z vami, z ustvarjanjem varnega prostora za transformacijo, ustvarjam prilo\u017enosti, da razi\u0161\u010dete in raz\u0161irite kompleksnost va\u0161ega mi\u0161ljenja, zaznavanja in \u010dustvovanja. Da<br \/>spodbudim va\u0161 pogum, da delite svoje uspehe in neuspehe, ugotovite, kje se lahko<br \/>pojavljajo va\u0161e pristranskosti, razi\u0161\u010dete in odstranite ovire za va\u0161 uspeh in podprete<br \/>integracijo izku\u0161nje ter si dovolite preizkusiti nove in izvirne na\u010dine za raziskovanje va\u0161e<br \/>coaching prakse in razvijanje coaching zrelosti.<br \/>S premi\u0161ljeno uporabo razli\u010dnih orodij in pristopov ustvarjam okolje in prilo\u017enosti, da<br \/>aktivirate opozovalca v sebi, pogledate\u00a0na situacije in izku\u0161nje sistemsko in se potopite\u00a0v<br \/>svet simbolnega jezika, da bi dali\u00a0va\u0161emu\u00a0nezavednemu delu glas. S tem vklju\u010dite\u00a0celostne<br \/>vidike spoznanj in\u00a0uvidov v va\u0161e\u00a0zavestno \u017eivljenje. V supervizijskem procesu tako krepite<br \/>va\u0161o strast in namen do coaching poklica. Vse to, pa vam daje kreiranje pozitivnega vpliva,<br \/>transformacijo va\u0161ih osebnih in poslovnih vidikov, spoznavanju sebe v celi paleti in skrbi zase za razvijanje samozavesti, zrelosti in mojstrstva v va\u0161i coaching praksi in va\u0161i filozofiji<br \/>coachinga. \u00a0<\/span><\/p>\n<h2><strong>Hobiji in interesi<\/strong><\/h2>\n<p>Poznati sebe je najve\u010dje darilo, ki si ga podarjam. Znova in znova. Svoj prosti \u010das tako namenjam raziskovanju sebe in palet, ki me gradijo. U\u017eivam v svetih plesih, \u010duje\u010dem plesu brez forme in somatiki, rada po\u010dnem vse, kjer raziskujem svoje globine. Kvantna psihlogoija me je vedno zanimala, kaj \u010dloveka poganja, kako delujemo in kaj je \u0161e izven videnega, in verjamem, da me raziskovanje mojih globin, gradi tudi kot supervizorko in mentorico.<\/p>\n<p>\u017diveti tukaj in zdaj, je moj moto. Obo\u017eujem morje, in dobre knjige. Globoke pogovore. Smeh. In umetnost. In vse svoje strasti sem nekako prepletla tudi v posel, ki ga po\u010dnem.\u00a0 \u017divim v Sloveniji, delujem mednarodno, na vseh celinah.<\/p>\n<h2><strong>Moto<\/strong><\/h2>\n<h2><em>Poznati in razumeti sebe, je najve\u010dje darilo, ki si ga lahko podarimo.<\/em><\/h2>\n<p>[\/et_pb_text][\/et_pb_column_inner][\/et_pb_row_inner][\/et_pb_column][\/et_pb_section][et_pb_section fb_built=&#8221;1&#8243; _builder_version=&#8221;4.16.1&#8243; _module_preset=&#8221;default&#8221; background_color=&#8221;rgba(175,222,245,0.09)&#8221; global_colors_info=&#8221;{}&#8221;][et_pb_row _builder_version=&#8221;4.16.1&#8243; _module_preset=&#8221;default&#8221; global_colors_info=&#8221;{}&#8221;][et_pb_column type=&#8221;4_4&#8243; _builder_version=&#8221;4.16.1&#8243; _module_preset=&#8221;default&#8221; global_colors_info=&#8221;{}&#8221;][et_pb_text _builder_version=&#8221;4.16.1&#8243; _module_preset=&#8221;default&#8221; header_font_size=&#8221;35px&#8221; header_2_text_align=&#8221;center&#8221; header_2_text_color=&#8221;#1C7FB8&#8243; header_2_font_size=&#8221;35px&#8221; global_colors_info=&#8221;{}&#8221;]<\/p>\n<h2><strong>KONTAKTIRAJ ME<\/strong><\/h2>\n<p>[\/et_pb_text][et_pb_contact_form email=&#8221; jasna@povejnaglas.si&#8221; success_message=&#8221;Hvala za sporo\u010dilo. Kmalu se vam oglasim.&#8221; submit_button_text=&#8221;Po\u0161ljite sporo\u010dilo&#8221; module_id=&#8221;et_pb_contact_form_0&#8243; _builder_version=&#8221;4.17.3&#8243; _module_preset=&#8221;default&#8221; _unique_id=&#8221;e265e9b5-53c7-417d-8d7c-cb52964f177b&#8221; form_field_background_color=&#8221;#edf0f7&#8243; title_font=&#8221;||||||||&#8221; form_field_font=&#8221;Lato||||||||&#8221; form_field_font_size=&#8221;16px&#8221; custom_button=&#8221;on&#8221; button_text_size=&#8221;14px&#8221; button_text_color=&#8221;#ffffff&#8221; button_bg_color=&#8221;#1C7FB8&#8243; button_border_width=&#8221;12px&#8221; button_border_color=&#8221;#1C7FB8&#8243; button_border_radius=&#8221;50px&#8221; button_letter_spacing=&#8221;2px&#8221; button_font=&#8221;Lato|900||on|||||&#8221; button_icon=&#8221;&#x24;||divi||400&#8243; max_width=&#8221;700px&#8221; module_alignment=&#8221;center&#8221; animation_style=&#8221;slide&#8221; animation_direction=&#8221;bottom&#8221; animation_intensity_slide=&#8221;5%&#8221; border_radii=&#8221;on|3px|3px|3px|3px&#8221; global_colors_info=&#8221;{}&#8221;][et_pb_contact_field field_id=&#8221;Ime&#8221; field_title=&#8221;Tvoje ime&#8221; _builder_version=&#8221;4.16.1&#8243; global_colors_info=&#8221;{}&#8221; button_text_size__hover_enabled=&#8221;off&#8221; button_one_text_size__hover_enabled=&#8221;off&#8221; button_two_text_size__hover_enabled=&#8221;off&#8221; button_text_color__hover_enabled=&#8221;off&#8221; button_one_text_color__hover_enabled=&#8221;off&#8221; button_two_text_color__hover_enabled=&#8221;off&#8221; button_border_width__hover_enabled=&#8221;off&#8221; button_one_border_width__hover_enabled=&#8221;off&#8221; button_two_border_width__hover_enabled=&#8221;off&#8221; button_border_color__hover_enabled=&#8221;off&#8221; button_one_border_color__hover_enabled=&#8221;off&#8221; button_two_border_color__hover_enabled=&#8221;off&#8221; button_border_radius__hover_enabled=&#8221;off&#8221; button_one_border_radius__hover_enabled=&#8221;off&#8221; button_two_border_radius__hover_enabled=&#8221;off&#8221; button_letter_spacing__hover_enabled=&#8221;off&#8221; button_one_letter_spacing__hover_enabled=&#8221;off&#8221; button_two_letter_spacing__hover_enabled=&#8221;off&#8221; button_bg_color__hover_enabled=&#8221;off&#8221; button_one_bg_color__hover_enabled=&#8221;off&#8221; button_two_bg_color__hover_enabled=&#8221;off&#8221;][\/et_pb_contact_field][et_pb_contact_field field_id=&#8221;Email&#8221; field_title=&#8221;Va\u0161 e-po\u0161tni naslov&#8221; field_type=&#8221;email&#8221; _builder_version=&#8221;4.16.1&#8243; global_colors_info=&#8221;{}&#8221; button_text_size__hover_enabled=&#8221;off&#8221; button_one_text_size__hover_enabled=&#8221;off&#8221; button_two_text_size__hover_enabled=&#8221;off&#8221; button_text_color__hover_enabled=&#8221;off&#8221; button_one_text_color__hover_enabled=&#8221;off&#8221; button_two_text_color__hover_enabled=&#8221;off&#8221; button_border_width__hover_enabled=&#8221;off&#8221; button_one_border_width__hover_enabled=&#8221;off&#8221; button_two_border_width__hover_enabled=&#8221;off&#8221; button_border_color__hover_enabled=&#8221;off&#8221; button_one_border_color__hover_enabled=&#8221;off&#8221; button_two_border_color__hover_enabled=&#8221;off&#8221; button_border_radius__hover_enabled=&#8221;off&#8221; button_one_border_radius__hover_enabled=&#8221;off&#8221; button_two_border_radius__hover_enabled=&#8221;off&#8221; button_letter_spacing__hover_enabled=&#8221;off&#8221; button_one_letter_spacing__hover_enabled=&#8221;off&#8221; button_two_letter_spacing__hover_enabled=&#8221;off&#8221; button_bg_color__hover_enabled=&#8221;off&#8221; button_one_bg_color__hover_enabled=&#8221;off&#8221; button_two_bg_color__hover_enabled=&#8221;off&#8221;][\/et_pb_contact_field][et_pb_contact_field field_id=&#8221;Message&#8221; field_title=&#8221;Tvoje sporo\u010dilo&#8221; field_type=&#8221;text&#8221; fullwidth_field=&#8221;on&#8221; _builder_version=&#8221;4.16.1&#8243; global_colors_info=&#8221;{}&#8221; button_text_size__hover_enabled=&#8221;off&#8221; button_one_text_size__hover_enabled=&#8221;off&#8221; button_two_text_size__hover_enabled=&#8221;off&#8221; button_text_color__hover_enabled=&#8221;off&#8221; button_one_text_color__hover_enabled=&#8221;off&#8221; button_two_text_color__hover_enabled=&#8221;off&#8221; button_border_width__hover_enabled=&#8221;off&#8221; button_one_border_width__hover_enabled=&#8221;off&#8221; button_two_border_width__hover_enabled=&#8221;off&#8221; button_border_color__hover_enabled=&#8221;off&#8221; button_one_border_color__hover_enabled=&#8221;off&#8221; button_two_border_color__hover_enabled=&#8221;off&#8221; button_border_radius__hover_enabled=&#8221;off&#8221; button_one_border_radius__hover_enabled=&#8221;off&#8221; button_two_border_radius__hover_enabled=&#8221;off&#8221; button_letter_spacing__hover_enabled=&#8221;off&#8221; button_one_letter_spacing__hover_enabled=&#8221;off&#8221; button_two_letter_spacing__hover_enabled=&#8221;off&#8221; button_bg_color__hover_enabled=&#8221;off&#8221; button_one_bg_color__hover_enabled=&#8221;off&#8221; button_two_bg_color__hover_enabled=&#8221;off&#8221;][\/et_pb_contact_field][\/et_pb_contact_form][\/et_pb_column][\/et_pb_row][\/et_pb_section][et_pb_section fb_built=&#8221;1&#8243; _builder_version=&#8221;4.16&#8243; _module_preset=&#8221;default&#8221; background_color=&#8221;#495e68&#8243; background_image=&#8221;https:\/\/sansupervision.com\/wp-content\/uploads\/2022\/01\/paul-teysen-OEppe6J-Ggc-unsplash.jpg&#8221; background_enable_image=&#8221;off&#8221; background_blend=&#8221;multiply&#8221; custom_padding=&#8221;53px||53px||true|false&#8221; saved_tabs=&#8221;all&#8221; global_colors_info=&#8221;{}&#8221;][et_pb_row column_structure=&#8221;1_4,1_4,1_4,1_4&#8243; _builder_version=&#8221;4.16&#8243; _module_preset=&#8221;default&#8221; global_colors_info=&#8221;{}&#8221;][et_pb_column type=&#8221;1_4&#8243; _builder_version=&#8221;4.16&#8243; _module_preset=&#8221;default&#8221; global_colors_info=&#8221;{}&#8221;][et_pb_image src=&#8221;https:\/\/sansupervision.com\/wp-content\/uploads\/2021\/12\/cropped-SanSupervision-Logo.png&#8221; title_text=&#8221;cropped-SanSupervision-Logo.png&#8221; _builder_version=&#8221;4.16&#8243; _module_preset=&#8221;default&#8221; global_colors_info=&#8221;{}&#8221;][\/et_pb_image][\/et_pb_column][et_pb_column type=&#8221;1_4&#8243; _builder_version=&#8221;4.16&#8243; _module_preset=&#8221;default&#8221; global_colors_info=&#8221;{}&#8221;][et_pb_text _builder_version=&#8221;4.16&#8243; _module_preset=&#8221;default&#8221; text_text_color=&#8221;#FFFFFF&#8221; text_line_height=&#8221;2.3em&#8221; header_2_font=&#8221;Lato|700|on||||||&#8221; header_2_text_align=&#8221;center&#8221; header_2_text_color=&#8221;#FFFFFF&#8221; header_2_font_size=&#8221;23px&#8221; header_2_line_height=&#8221;1.4em&#8221; background_layout=&#8221;dark&#8221; custom_padding=&#8221;0px||||false|false&#8221; global_colors_info=&#8221;{}&#8221;]<\/p>\n<h2>FIND YOURS SUPERVISION COACH TODAY!<\/h2>\n<p>[\/et_pb_text][et_pb_button button_text=&#8221;Sign Up&#8221; button_alignment=&#8221;center&#8221; _builder_version=&#8221;4.16&#8243; _module_preset=&#8221;default&#8221; custom_button=&#8221;on&#8221; button_text_size=&#8221;14px&#8221; button_text_color=&#8221;#345168&#8243; button_bg_color=&#8221;#ffffff&#8221; button_border_width=&#8221;11px&#8221; button_border_color=&#8221;#ffffff&#8221; button_border_radius=&#8221;50px&#8221; button_letter_spacing=&#8221;2px&#8221; button_font=&#8221;Lato|900||on|||||&#8221; button_icon=&#8221;&#x24;||divi||400&#8243; custom_margin=&#8221;20px||20px||true&#8221; custom_padding=&#8221;|30px||30px|false|true&#8221; global_colors_info=&#8221;{}&#8221;][\/et_pb_button][\/et_pb_column][et_pb_column type=&#8221;1_4&#8243; _builder_version=&#8221;4.16&#8243; _module_preset=&#8221;default&#8221; global_colors_info=&#8221;{}&#8221;][et_pb_text _builder_version=&#8221;4.16&#8243; _module_preset=&#8221;default&#8221; text_text_color=&#8221;#FFFFFF&#8221; header_2_font=&#8221;|700||on|||||&#8221; header_2_text_color=&#8221;#F5FFFF&#8221; header_2_font_size=&#8221;20px&#8221; header_3_text_color=&#8221;#658396&#8243; custom_margin=&#8221;0px||0px||false|false&#8221; custom_padding=&#8221;0px||0px||false|false&#8221; global_colors_info=&#8221;{}&#8221;]<\/p>\n<h2>Links<\/h2>\n<p>[\/et_pb_text][et_pb_text _builder_version=&#8221;4.16&#8243; _module_preset=&#8221;default&#8221; text_font=&#8221;Lato|700|||||||&#8221; text_text_color=&#8221;#FFFFFF&#8221; text_font_size=&#8221;16px&#8221; link_text_color=&#8221;#FFFFFF&#8221; custom_padding=&#8221;30px||||false|false&#8221; global_colors_info=&#8221;{}&#8221;]<\/p>\n<ul>\n<li><a href=\"https:\/\/sansupervision.com\/en\/\">Supervision Adria Network<\/a><\/li>\n<li><a href=\"https:\/\/sansupervision.com\/sl\/kaj-je-coaching-supervizija\/\">What is SuperVision?<\/a><\/li>\n<li><a href=\"https:\/\/sansupervision.com\/sl\/\">About Us<\/a><\/li>\n<li><a href=\"https:\/\/sansupervision.com\/sl\/blog\/\">Blog<\/a><\/li>\n<li><a href=\"https:\/\/sansupervision.com\/sl\/kontakt\/\">Contact<\/a><\/li>\n<\/ul>\n<p>[\/et_pb_text][\/et_pb_column][et_pb_column type=&#8221;1_4&#8243; _builder_version=&#8221;4.16&#8243; _module_preset=&#8221;default&#8221; global_colors_info=&#8221;{}&#8221;][et_pb_text _builder_version=&#8221;4.16&#8243; _module_preset=&#8221;default&#8221; text_text_color=&#8221;#FFFFFF&#8221; header_2_font=&#8221;|700||on|||||&#8221; header_2_text_color=&#8221;#F5FFFF&#8221; header_2_font_size=&#8221;20px&#8221; header_3_text_color=&#8221;#658396&#8243; custom_margin=&#8221;0px||0px||false|false&#8221; custom_padding=&#8221;0px||0px||false|false&#8221; global_colors_info=&#8221;{}&#8221;]<\/p>\n<h2>Links<\/h2>\n<p>[\/et_pb_text][et_pb_social_media_follow icon_color=&#8221;#F5FFFF&#8221; use_icon_font_size=&#8221;on&#8221; icon_font_size=&#8221;20px&#8221; _builder_version=&#8221;4.16&#8243; _module_preset=&#8221;default&#8221; custom_button=&#8221;on&#8221; button_bg_color=&#8221;#1C7FB8&#8243; text_orientation=&#8221;left&#8221; custom_padding=&#8221;30px||30px||true|false&#8221; border_radii=&#8221;on|25px|25px|25px|25px&#8221; global_colors_info=&#8221;{}&#8221;][et_pb_social_media_follow_network social_network=&#8221;facebook&#8221; _builder_version=&#8221;4.16&#8243; _module_preset=&#8221;default&#8221; background_color=&#8221;#3b5998&#8243; global_colors_info=&#8221;{}&#8221; follow_button=&#8221;off&#8221; url_new_window=&#8221;on&#8221;]facebook[\/et_pb_social_media_follow_network][et_pb_social_media_follow_network social_network=&#8221;twitter&#8221; _builder_version=&#8221;4.16&#8243; _module_preset=&#8221;default&#8221; background_color=&#8221;#00aced&#8221; global_colors_info=&#8221;{}&#8221; follow_button=&#8221;off&#8221; url_new_window=&#8221;on&#8221;]twitter[\/et_pb_social_media_follow_network][\/et_pb_social_media_follow][\/et_pb_column][\/et_pb_row][\/et_pb_section][et_pb_section fb_built=&#8221;1&#8243; _builder_version=&#8221;4.16&#8243; _module_preset=&#8221;default&#8221; background_color=&#8221;#0a0a0a&#8221; custom_padding=&#8221;10px||10px||true|false&#8221; global_colors_info=&#8221;{}&#8221;][et_pb_row _builder_version=&#8221;4.16&#8243; _module_preset=&#8221;default&#8221; custom_padding=&#8221;1px||1px||true|false&#8221; global_colors_info=&#8221;{}&#8221;][et_pb_column type=&#8221;4_4&#8243; _builder_version=&#8221;4.16&#8243; _module_preset=&#8221;default&#8221; global_colors_info=&#8221;{}&#8221;][et_pb_text _builder_version=&#8221;4.16&#8243; _module_preset=&#8221;default&#8221; text_text_color=&#8221;#F5FFFF&#8221; link_text_color=&#8221;#FFFFFF&#8221; global_colors_info=&#8221;{}&#8221;]<\/p>\n<p style=\"text-align: center;\"><strong>\u00a9 <\/strong>San Supervision \u0399 Developed by <a href=\"https:\/\/ignis.hr\/\" target=\"_blank\" rel=\"noopener\">IGNIS<\/a><\/p>\n<p>[\/et_pb_text][\/et_pb_column][\/et_pb_row][\/et_pb_section]<\/p>\n","protected":false},"excerpt":{"rendered":"<p>JASNA KNEZ\u00a0 Certifikati ESIA European Supervision Individual Award \u2013 individual accreditation EIA European Individual Award Senior Practitioner MCC Master Certified Coach individual credentialing by ICF ITCA Individual Team Coach accreditation Practitioner Izobra\u017eevanja Bluesky International \u2013\u00a0\u00a0BI ESQA Diploma Coach Supervisor training (2022) Gestalt Center For Coaching \u2013\u00a0The Path to Coaching Mastery: Embody the Essence and Practice [&hellip;]<\/p>\n","protected":false},"author":1,"featured_media":0,"parent":0,"menu_order":0,"comment_status":"closed","ping_status":"closed","template":"","meta":{"_et_pb_use_builder":"on","_et_pb_old_content":"","_et_gb_content_width":"","footnotes":""},"class_list":["post-939","page","type-page","status-publish","hentry"],"_links":{"self":[{"href":"https:\/\/sansupervision.com\/sl\/wp-json\/wp\/v2\/pages\/939","targetHints":{"allow":["GET"]}}],"collection":[{"href":"https:\/\/sansupervision.com\/sl\/wp-json\/wp\/v2\/pages"}],"about":[{"href":"https:\/\/sansupervision.com\/sl\/wp-json\/wp\/v2\/types\/page"}],"author":[{"embeddable":true,"href":"https:\/\/sansupervision.com\/sl\/wp-json\/wp\/v2\/users\/1"}],"replies":[{"embeddable":true,"href":"https:\/\/sansupervision.com\/sl\/wp-json\/wp\/v2\/comments?post=939"}],"version-history":[{"count":10,"href":"https:\/\/sansupervision.com\/sl\/wp-json\/wp\/v2\/pages\/939\/revisions"}],"predecessor-version":[{"id":1208,"href":"https:\/\/sansupervision.com\/sl\/wp-json\/wp\/v2\/pages\/939\/revisions\/1208"}],"wp:attachment":[{"href":"https:\/\/sansupervision.com\/sl\/wp-json\/wp\/v2\/media?parent=939"}],"curies":[{"name":"wp","href":"https:\/\/api.w.org\/{rel}","templated":true}]}}