{"id":710,"date":"2022-04-23T19:10:41","date_gmt":"2022-04-23T17:10:41","guid":{"rendered":"https:\/\/sansupervision.com\/?page_id=710"},"modified":"2022-05-04T16:02:20","modified_gmt":"2022-05-04T14:02:20","slug":"vedrana-josipovic","status":"publish","type":"page","link":"https:\/\/sansupervision.com\/sl\/vedrana-josipovic\/","title":{"rendered":"Vedrana Josipovi\u0107"},"content":{"rendered":"<p>[et_pb_section fb_built=&#8221;1&#8243; custom_padding_last_edited=&#8221;on|phone&#8221; disabled_on=&#8221;on|on|off&#8221; admin_label=&#8221;Blank Section &#8211; Image Background&#8221; _builder_version=&#8221;4.16.1&#8243; background_color=&#8221;#1C7FB8&#8243; background_enable_image=&#8221;off&#8221; custom_padding=&#8221;||||true|false&#8221; custom_padding_tablet=&#8221;260px||260px||true&#8221; custom_padding_phone=&#8221;100px|||&#8221; top_divider_flip=&#8221;horizontal&#8221; bottom_divider_color=&#8221;#f5f5f5&#8243; bottom_divider_flip=&#8221;horizontal&#8221; global_colors_info=&#8221;{}&#8221;][et_pb_row _builder_version=&#8221;4.16.1&#8243; _module_preset=&#8221;default&#8221; global_colors_info=&#8221;{}&#8221;][et_pb_column type=&#8221;4_4&#8243; _builder_version=&#8221;4.16&#8243; _module_preset=&#8221;default&#8221; global_colors_info=&#8221;{}&#8221;][et_pb_text _builder_version=&#8221;4.16.1&#8243; _module_preset=&#8221;default&#8221; header_text_align=&#8221;center&#8221; header_text_color=&#8221;#F5FFFF&#8221; header_font_size=&#8221;55px&#8221; global_colors_info=&#8221;{}&#8221;]<\/p>\n<h1><strong>VEDRANA JOSIPOVI\u0106<\/strong><\/h1>\n<p>[\/et_pb_text][\/et_pb_column][\/et_pb_row][\/et_pb_section][et_pb_section fb_built=&#8221;1&#8243; custom_padding_last_edited=&#8221;on|phone&#8221; disabled_on=&#8221;off|off|on&#8221; admin_label=&#8221;Blank Section &#8211; Image Background&#8221; _builder_version=&#8221;4.16.1&#8243; background_color=&#8221;#1C7FB8&#8243; background_enable_image=&#8221;off&#8221; custom_padding=&#8221;20px||20px||true|false&#8221; custom_padding_tablet=&#8221;40px||40px||true|false&#8221; custom_padding_phone=&#8221;20px||20px||true|false&#8221; top_divider_flip=&#8221;horizontal&#8221; bottom_divider_color=&#8221;#f5f5f5&#8243; bottom_divider_flip=&#8221;horizontal&#8221; global_colors_info=&#8221;{}&#8221;][et_pb_row _builder_version=&#8221;4.16.1&#8243; _module_preset=&#8221;default&#8221; global_colors_info=&#8221;{}&#8221;][et_pb_column type=&#8221;4_4&#8243; _builder_version=&#8221;4.16&#8243; _module_preset=&#8221;default&#8221; global_colors_info=&#8221;{}&#8221;][et_pb_text _builder_version=&#8221;4.16.1&#8243; _module_preset=&#8221;default&#8221; header_text_align=&#8221;center&#8221; header_text_color=&#8221;#F5FFFF&#8221; header_font_size=&#8221;55px&#8221; global_colors_info=&#8221;{}&#8221;]<\/p>\n<h1><strong>VEDRANA JOSIPOVI\u0106<\/strong><\/h1>\n<p>[\/et_pb_text][\/et_pb_column][\/et_pb_row][\/et_pb_section][et_pb_section fb_built=&#8221;1&#8243; specialty=&#8221;on&#8221; _builder_version=&#8221;4.16.1&#8243; _module_preset=&#8221;default&#8221; global_colors_info=&#8221;{}&#8221;][et_pb_column type=&#8221;1_4&#8243; _builder_version=&#8221;4.16&#8243; custom_padding=&#8221;|||&#8221; global_colors_info=&#8221;{}&#8221; custom_padding__hover=&#8221;|||&#8221;][et_pb_image src=&#8221;https:\/\/sansupervision.com\/wp-content\/uploads\/2021\/12\/Vedrana-2.png&#8221; title_text=&#8221;Vedrana (2)&#8221; _builder_version=&#8221;4.16.1&#8243; _module_preset=&#8221;default&#8221; custom_padding=&#8221;||50px||false|false&#8221; border_radii=&#8221;on|150px|150px|150px|150px&#8221; border_width_all=&#8221;5px&#8221; border_color_all=&#8221;#1C7FB8&#8243; global_colors_info=&#8221;{}&#8221;][\/et_pb_image][et_pb_blurb title=&#8221;+ 385 98 1759101&#8243; use_icon=&#8221;on&#8221; font_icon=&#8221;&#xe090;||divi||400&#8243; icon_color=&#8221;#1C7FB8&#8243; image_icon_background_color=&#8221;#AFDEF5&#8243; icon_placement=&#8221;left&#8221; image_icon_width=&#8221;22px&#8221; _builder_version=&#8221;4.16.1&#8243; _module_preset=&#8221;default&#8221; header_line_height=&#8221;2em&#8221; border_radii_image=&#8221;on|30px|30px|30px|30px&#8221; border_width_all_image=&#8221;10px&#8221; border_color_all_image=&#8221;#AFDEF5&#8243; global_colors_info=&#8221;{}&#8221;][\/et_pb_blurb][et_pb_blurb title=&#8221;vjosipovic@methodus.org &#8221; use_icon=&#8221;on&#8221; font_icon=&#8221;&#xf0e0;||fa||900&#8243; icon_color=&#8221;#1C7FB8&#8243; image_icon_background_color=&#8221;#AFDEF5&#8243; icon_placement=&#8221;left&#8221; image_icon_width=&#8221;22px&#8221; _builder_version=&#8221;4.16.1&#8243; _module_preset=&#8221;default&#8221; header_line_height=&#8221;2em&#8221; border_radii_image=&#8221;on|30px|30px|30px|30px&#8221; border_width_all_image=&#8221;10px&#8221; border_color_all_image=&#8221;#AFDEF5&#8243; global_colors_info=&#8221;{}&#8221;][\/et_pb_blurb][et_pb_blurb title=&#8221;www.methodus.org &#8221; url=&#8221;http:\/\/www.methodus.org&#8221; url_new_window=&#8221;on&#8221; use_icon=&#8221;on&#8221; font_icon=&#8221;&#xe0e3;||divi||400&#8243; icon_color=&#8221;#1C7FB8&#8243; image_icon_background_color=&#8221;#AFDEF5&#8243; icon_placement=&#8221;left&#8221; image_icon_width=&#8221;22px&#8221; _builder_version=&#8221;4.16.1&#8243; _module_preset=&#8221;default&#8221; header_line_height=&#8221;2em&#8221; link_option_url=&#8221;www.methodus.org &#8221; link_option_url_new_window=&#8221;on&#8221; hover_enabled=&#8221;0&#8243; border_radii_image=&#8221;on|30px|30px|30px|30px&#8221; border_width_all_image=&#8221;10px&#8221; border_color_all_image=&#8221;#AFDEF5&#8243; global_colors_info=&#8221;{}&#8221; sticky_enabled=&#8221;0&#8243;][\/et_pb_blurb][et_pb_blurb title=&#8221;in\/vedrana-josipovic-3654a45 &#8221; url=&#8221;https:\/\/www.linkedin.com\/in\/vedrana-josipovic-3654a45\/&#8221; url_new_window=&#8221;on&#8221; use_icon=&#8221;on&#8221; font_icon=&#8221;&#xf08c;||fa||400&#8243; icon_color=&#8221;#1C7FB8&#8243; image_icon_background_color=&#8221;#AFDEF5&#8243; icon_placement=&#8221;left&#8221; image_icon_width=&#8221;22px&#8221; _builder_version=&#8221;4.16.1&#8243; _module_preset=&#8221;default&#8221; header_line_height=&#8221;2em&#8221; link_option_url=&#8221;https:\/\/www.linkedin.com\/in\/vedrana-josipovic-3654a45\/&#8221; link_option_url_new_window=&#8221;on&#8221; border_radii_image=&#8221;on|30px|30px|30px|30px&#8221; border_width_all_image=&#8221;10px&#8221; border_color_all_image=&#8221;#AFDEF5&#8243; global_colors_info=&#8221;{}&#8221;][\/et_pb_blurb][\/et_pb_column][et_pb_column type=&#8221;3_4&#8243; specialty_columns=&#8221;3&#8243; _builder_version=&#8221;4.16&#8243; custom_padding=&#8221;|||&#8221; global_colors_info=&#8221;{}&#8221; custom_padding__hover=&#8221;|||&#8221;][et_pb_row_inner disabled_on=&#8221;on|on|off&#8221; _builder_version=&#8221;4.16.1&#8243; _module_preset=&#8221;default&#8221; custom_padding=&#8221;|20px||100px|false|false&#8221; global_colors_info=&#8221;{}&#8221;][et_pb_column_inner saved_specialty_column_type=&#8221;3_4&#8243; _builder_version=&#8221;4.16.1&#8243; _module_preset=&#8221;default&#8221; global_colors_info=&#8221;{}&#8221;][et_pb_text _builder_version=&#8221;4.16.1&#8243; _module_preset=&#8221;default&#8221; text_font_size=&#8221;16px&#8221; global_colors_info=&#8221;{}&#8221;]<\/p>\n<h2><strong>Certifikati<\/strong><\/h2>\n<p>Diploma in Coaching Supervision\u2019 by Bluesky International UK, 2022<br \/>Diploma in Professional Coaching and Mentoring\u2019 by Oxford Brooks University UK u suradnji s the OCM UK, 2011<br \/>Postgraduate Certificate in Psychology of Organisational Development and Change\u2019 by Heriot-Watt University UK u suradnji s CIPD UK, 2009<br \/>Gestalt Coaching Fortbuilding\u2019 by IGW Munchen, 2005<br \/>NLP Master Practitioner, Realisation, York UK, 2003<\/p>\n<p>&nbsp;<\/p>\n<h2><strong>Formalna izobrazba<\/strong><\/h2>\n<p>Studij psihologije, Sveu\u010dili\u0161te u Zagrebu, 1996<br \/>Executive MBA, Cotrugli Business School, Zagreb, 2011<\/p>\n<p>&nbsp;<\/p>\n<h2><strong>Moja filozofija supervizije<\/strong><\/h2>\n<p>Zajedno u\u010dimo i pro\u0161irujemo svoju svjesnost, koja nam omogu\u0107ava razumijevanje prihva\u0107anje, suosje\u0107anje i razvoj nas samih, na\u0161ih klijenata i sustava u kojima oni djeluju.<\/p>\n<p>\u201eSuper-vision\u201d zna\u010di \u201eizvrstan pregled\u201c nad svim aspektima odnosa svih dionika uklju\u010denih u proces coachinga, a do toga dolazimo kroz podr\u0161ku vlastitim snagama, suo\u010davanje s vlastitim vi\u0161e ili manje svijenim otporima, integraciju razli\u010ditih dijelova na\u0161e osobnosti, te dogradnju postoje\u0107ih znanja i vje\u0161tina, uz po\u0161tivanje vlastitog stila u\u010denja, osobnog vrijednosnog sustava i profesionalnog kodeksa pona\u0161anja.<\/p>\n<p>&nbsp;<\/p>\n<h2><strong>Hobiji in interesi<\/strong><\/h2>\n<p>Od 1996. sam akreditirani instruktor joge i meditacije, te aktivni volonter u me\u0111unarodnoj neprofitnoj udruzi \u2018Yoga in Daily Life\u2019.<br \/>Ljeti plivam, zimi snowboardam, a u prolje\u0107e i jesen rolam.<br \/>Smatram da je ova planeta jedini dom kojeg imamo i u \u017eelji da ga upoznam \u0161to bolje putujem na na\u010din da du\u017ee vremena boravim na jednom mjestu. Zadnje tri godine \u017eivim u Sydney, Australia.<\/p>\n<p>&nbsp;<\/p>\n<h2><strong>Moto<\/strong><\/h2>\n<p>Where there\u2019s a will, there\u2019s a way.<br \/>If life gives you lemons, make lemonade.<br \/>What one man calls God; another calls the laws of physics.<\/p>\n<p>[\/et_pb_text][\/et_pb_column_inner][\/et_pb_row_inner][et_pb_row_inner disabled_on=&#8221;off|off|on&#8221; _builder_version=&#8221;4.16.1&#8243; _module_preset=&#8221;default&#8221; custom_padding=&#8221;||||false|false&#8221; global_colors_info=&#8221;{}&#8221;][et_pb_column_inner saved_specialty_column_type=&#8221;3_4&#8243; _builder_version=&#8221;4.16.1&#8243; _module_preset=&#8221;default&#8221; global_colors_info=&#8221;{}&#8221;][et_pb_text _builder_version=&#8221;4.16.1&#8243; _module_preset=&#8221;default&#8221; text_font_size=&#8221;16px&#8221; global_colors_info=&#8221;{}&#8221;]<\/p>\n<h2><strong>Certifikati<\/strong><\/h2>\n<p>Diploma in Coaching Supervision\u2019 by Bluesky International UK, 2022<br \/>Diploma in Professional Coaching and Mentoring\u2019 by Oxford Brooks University UK u suradnji s the OCM UK, 2011<br \/>Postgraduate Certificate in Psychology of Organisational Development and Change\u2019 by Heriot-Watt University UK u suradnji s CIPD UK, 2009<br \/>Gestalt Coaching Fortbuilding\u2019 by IGW Munchen, 2005<br \/>NLP Master Practitioner, Realisation, York UK, 2003<\/p>\n<p>&nbsp;<\/p>\n<h2><strong>Formalna izobrazba<\/strong><\/h2>\n<p>Studij psihologije, Sveu\u010dili\u0161te u Zagrebu, 1996<br \/>Executive MBA, Cotrugli Business School, Zagreb, 2011<\/p>\n<p>&nbsp;<\/p>\n<h2><strong>Moja filozofija supervizije<\/strong><\/h2>\n<p>Zajedno u\u010dimo i pro\u0161irujemo svoju svjesnost, koja nam omogu\u0107ava razumijevanje prihva\u0107anje, suosje\u0107anje i razvoj nas samih, na\u0161ih klijenata i sustava u kojima oni djeluju.<\/p>\n<p>\u201eSuper-vision\u201d zna\u010di \u201eizvrstan pregled\u201c nad svim aspektima odnosa svih dionika uklju\u010denih u proces coachinga, a do toga dolazimo kroz podr\u0161ku vlastitim snagama, suo\u010davanje s vlastitim vi\u0161e ili manje svijenim otporima, integraciju razli\u010ditih dijelova na\u0161e osobnosti, te dogradnju postoje\u0107ih znanja i vje\u0161tina, uz po\u0161tivanje vlastitog stila u\u010denja, osobnog vrijednosnog sustava i profesionalnog kodeksa pona\u0161anja.<\/p>\n<p>&nbsp;<\/p>\n<h2><strong>Hobiji in interesi<\/strong><\/h2>\n<p>Od 1996. sam akreditirani instruktor joge i meditacije, te aktivni volonter u me\u0111unarodnoj neprofitnoj udruzi \u2018Yoga in Daily Life\u2019.<br \/>Ljeti plivam, zimi snowboardam, a u prolje\u0107e i jesen rolam.<br \/>Smatram da je ova planeta jedini dom kojeg imamo i u \u017eelji da ga upoznam \u0161to bolje putujem na na\u010din da du\u017ee vremena boravim na jednom mjestu. Zadnje tri godine \u017eivim u Sydney, Australia.<\/p>\n<p>&nbsp;<\/p>\n<h2><strong>Moto<\/strong><\/h2>\n<p>Where there\u2019s a will, there\u2019s a way.<br \/>If life gives you lemons, make lemonade.<br \/>What one man calls God; another calls the laws of physics.<\/p>\n<p>[\/et_pb_text][\/et_pb_column_inner][\/et_pb_row_inner][\/et_pb_column][\/et_pb_section][et_pb_section fb_built=&#8221;1&#8243; _builder_version=&#8221;4.16.1&#8243; _module_preset=&#8221;default&#8221; background_color=&#8221;rgba(175,222,245,0.09)&#8221; global_colors_info=&#8221;{}&#8221;][et_pb_row _builder_version=&#8221;4.16.1&#8243; _module_preset=&#8221;default&#8221; global_colors_info=&#8221;{}&#8221;][et_pb_column type=&#8221;4_4&#8243; _builder_version=&#8221;4.16.1&#8243; _module_preset=&#8221;default&#8221; global_colors_info=&#8221;{}&#8221;][et_pb_text _builder_version=&#8221;4.16.1&#8243; _module_preset=&#8221;default&#8221; header_font_size=&#8221;35px&#8221; header_2_text_align=&#8221;center&#8221; header_2_text_color=&#8221;#1C7FB8&#8243; header_2_font_size=&#8221;35px&#8221; global_colors_info=&#8221;{}&#8221;]<\/p>\n<h2><strong>KONTAKTIRAJ ME<\/strong><\/h2>\n<p>[\/et_pb_text][et_pb_contact_form email=&#8221; vjosipovic@methodus.org &#8221; success_message=&#8221;Hvala za sporo\u010dilo. Kmalu se vam oglasim.&#8221; submit_button_text=&#8221;Poslati sporo\u010dilo&#8221; module_id=&#8221;et_pb_contact_form_0&#8243; _builder_version=&#8221;4.16.1&#8243; _module_preset=&#8221;default&#8221; _unique_id=&#8221;e265e9b5-53c7-417d-8d7c-cb52964f177b&#8221; form_field_background_color=&#8221;#edf0f7&#8243; title_font=&#8221;||||||||&#8221; form_field_font=&#8221;Lato||||||||&#8221; form_field_font_size=&#8221;16px&#8221; custom_button=&#8221;on&#8221; button_text_size=&#8221;14px&#8221; button_text_color=&#8221;#ffffff&#8221; button_bg_color=&#8221;#1C7FB8&#8243; button_border_width=&#8221;12px&#8221; button_border_color=&#8221;#1C7FB8&#8243; button_border_radius=&#8221;50px&#8221; button_letter_spacing=&#8221;2px&#8221; button_font=&#8221;Lato|900||on|||||&#8221; button_icon=&#8221;&#x24;||divi||400&#8243; max_width=&#8221;700px&#8221; module_alignment=&#8221;center&#8221; animation_style=&#8221;slide&#8221; animation_direction=&#8221;bottom&#8221; animation_intensity_slide=&#8221;5%&#8221; border_radii=&#8221;on|3px|3px|3px|3px&#8221; global_colors_info=&#8221;{}&#8221;][et_pb_contact_field field_id=&#8221;Ime&#8221; field_title=&#8221;Tvoje ime&#8221; _builder_version=&#8221;4.16.1&#8243; global_colors_info=&#8221;{}&#8221; button_text_size__hover_enabled=&#8221;off&#8221; button_one_text_size__hover_enabled=&#8221;off&#8221; button_two_text_size__hover_enabled=&#8221;off&#8221; button_text_color__hover_enabled=&#8221;off&#8221; button_one_text_color__hover_enabled=&#8221;off&#8221; button_two_text_color__hover_enabled=&#8221;off&#8221; button_border_width__hover_enabled=&#8221;off&#8221; button_one_border_width__hover_enabled=&#8221;off&#8221; button_two_border_width__hover_enabled=&#8221;off&#8221; button_border_color__hover_enabled=&#8221;off&#8221; button_one_border_color__hover_enabled=&#8221;off&#8221; button_two_border_color__hover_enabled=&#8221;off&#8221; button_border_radius__hover_enabled=&#8221;off&#8221; button_one_border_radius__hover_enabled=&#8221;off&#8221; button_two_border_radius__hover_enabled=&#8221;off&#8221; button_letter_spacing__hover_enabled=&#8221;off&#8221; button_one_letter_spacing__hover_enabled=&#8221;off&#8221; button_two_letter_spacing__hover_enabled=&#8221;off&#8221; button_bg_color__hover_enabled=&#8221;off&#8221; button_one_bg_color__hover_enabled=&#8221;off&#8221; button_two_bg_color__hover_enabled=&#8221;off&#8221;][\/et_pb_contact_field][et_pb_contact_field field_id=&#8221;Email&#8221; field_title=&#8221;Va\u0161 e-po\u0161tni naslov&#8221; field_type=&#8221;email&#8221; _builder_version=&#8221;4.16.1&#8243; global_colors_info=&#8221;{}&#8221; button_text_size__hover_enabled=&#8221;off&#8221; button_one_text_size__hover_enabled=&#8221;off&#8221; button_two_text_size__hover_enabled=&#8221;off&#8221; button_text_color__hover_enabled=&#8221;off&#8221; button_one_text_color__hover_enabled=&#8221;off&#8221; button_two_text_color__hover_enabled=&#8221;off&#8221; button_border_width__hover_enabled=&#8221;off&#8221; button_one_border_width__hover_enabled=&#8221;off&#8221; button_two_border_width__hover_enabled=&#8221;off&#8221; button_border_color__hover_enabled=&#8221;off&#8221; button_one_border_color__hover_enabled=&#8221;off&#8221; button_two_border_color__hover_enabled=&#8221;off&#8221; button_border_radius__hover_enabled=&#8221;off&#8221; button_one_border_radius__hover_enabled=&#8221;off&#8221; button_two_border_radius__hover_enabled=&#8221;off&#8221; button_letter_spacing__hover_enabled=&#8221;off&#8221; button_one_letter_spacing__hover_enabled=&#8221;off&#8221; button_two_letter_spacing__hover_enabled=&#8221;off&#8221; button_bg_color__hover_enabled=&#8221;off&#8221; button_one_bg_color__hover_enabled=&#8221;off&#8221; button_two_bg_color__hover_enabled=&#8221;off&#8221;][\/et_pb_contact_field][et_pb_contact_field field_id=&#8221;Message&#8221; field_title=&#8221;Tvoje sporo\u010dilo&#8221; field_type=&#8221;text&#8221; fullwidth_field=&#8221;on&#8221; _builder_version=&#8221;4.16.1&#8243; global_colors_info=&#8221;{}&#8221; button_text_size__hover_enabled=&#8221;off&#8221; button_one_text_size__hover_enabled=&#8221;off&#8221; button_two_text_size__hover_enabled=&#8221;off&#8221; button_text_color__hover_enabled=&#8221;off&#8221; button_one_text_color__hover_enabled=&#8221;off&#8221; button_two_text_color__hover_enabled=&#8221;off&#8221; button_border_width__hover_enabled=&#8221;off&#8221; button_one_border_width__hover_enabled=&#8221;off&#8221; button_two_border_width__hover_enabled=&#8221;off&#8221; button_border_color__hover_enabled=&#8221;off&#8221; button_one_border_color__hover_enabled=&#8221;off&#8221; button_two_border_color__hover_enabled=&#8221;off&#8221; button_border_radius__hover_enabled=&#8221;off&#8221; button_one_border_radius__hover_enabled=&#8221;off&#8221; button_two_border_radius__hover_enabled=&#8221;off&#8221; button_letter_spacing__hover_enabled=&#8221;off&#8221; button_one_letter_spacing__hover_enabled=&#8221;off&#8221; button_two_letter_spacing__hover_enabled=&#8221;off&#8221; button_bg_color__hover_enabled=&#8221;off&#8221; button_one_bg_color__hover_enabled=&#8221;off&#8221; button_two_bg_color__hover_enabled=&#8221;off&#8221;][\/et_pb_contact_field][\/et_pb_contact_form][\/et_pb_column][\/et_pb_row][\/et_pb_section][et_pb_section fb_built=&#8221;1&#8243; _builder_version=&#8221;4.14.4&#8243; _module_preset=&#8221;default&#8221; background_color=&#8221;#495e68&#8243; background_image=&#8221;https:\/\/sansupervision.com\/wp-content\/uploads\/2022\/01\/paul-teysen-OEppe6J-Ggc-unsplash.jpg&#8221; background_enable_image=&#8221;off&#8221; background_blend=&#8221;multiply&#8221; custom_padding=&#8221;53px||53px||true|false&#8221; global_module=&#8221;264&#8243; saved_tabs=&#8221;all&#8221; global_colors_info=&#8221;{}&#8221;][et_pb_row column_structure=&#8221;1_4,1_4,1_4,1_4&#8243; _builder_version=&#8221;4.16&#8243; _module_preset=&#8221;default&#8221; global_colors_info=&#8221;{}&#8221;][et_pb_column type=&#8221;1_4&#8243; _builder_version=&#8221;4.16&#8243; _module_preset=&#8221;default&#8221; global_colors_info=&#8221;{}&#8221;][et_pb_image src=&#8221;https:\/\/sansupervision.com\/wp-content\/uploads\/2021\/12\/cropped-SanSupervision-Logo.png&#8221; title_text=&#8221;cropped-SanSupervision-Logo.png&#8221; _builder_version=&#8221;4.16&#8243; _module_preset=&#8221;default&#8221; global_colors_info=&#8221;{}&#8221;][\/et_pb_image][\/et_pb_column][et_pb_column type=&#8221;1_4&#8243; _builder_version=&#8221;4.16&#8243; _module_preset=&#8221;default&#8221; global_colors_info=&#8221;{}&#8221;][et_pb_text _builder_version=&#8221;4.16&#8243; _module_preset=&#8221;default&#8221; text_text_color=&#8221;#FFFFFF&#8221; text_line_height=&#8221;2.3em&#8221; header_2_font=&#8221;Lato|700|on||||||&#8221; header_2_text_align=&#8221;center&#8221; header_2_text_color=&#8221;#FFFFFF&#8221; header_2_font_size=&#8221;23px&#8221; header_2_line_height=&#8221;1.4em&#8221; background_layout=&#8221;dark&#8221; custom_padding=&#8221;0px||||false|false&#8221; global_colors_info=&#8221;{}&#8221;]<\/p>\n<h2>POI\u0160\u010cITE SVOJEGA SUPERVIZORJA DANES!<\/h2>\n<p>[\/et_pb_text][et_pb_button button_text=&#8221;Prijavite se&#8221; button_alignment=&#8221;center&#8221; _builder_version=&#8221;4.16&#8243; _module_preset=&#8221;default&#8221; custom_button=&#8221;on&#8221; button_text_size=&#8221;14px&#8221; button_text_color=&#8221;#345168&#8243; button_bg_color=&#8221;#ffffff&#8221; button_border_width=&#8221;11px&#8221; button_border_color=&#8221;#ffffff&#8221; button_border_radius=&#8221;50px&#8221; button_letter_spacing=&#8221;2px&#8221; button_font=&#8221;Lato|900||on|||||&#8221; button_icon=&#8221;&#x24;||divi||400&#8243; custom_margin=&#8221;20px||20px||true&#8221; custom_padding=&#8221;|30px||30px|false|true&#8221; global_colors_info=&#8221;{}&#8221;][\/et_pb_button][\/et_pb_column][et_pb_column type=&#8221;1_4&#8243; _builder_version=&#8221;4.16&#8243; _module_preset=&#8221;default&#8221; global_colors_info=&#8221;{}&#8221;][et_pb_text _builder_version=&#8221;4.16&#8243; _module_preset=&#8221;default&#8221; text_text_color=&#8221;#FFFFFF&#8221; header_2_font=&#8221;|700||on|||||&#8221; header_2_text_color=&#8221;#F5FFFF&#8221; header_2_font_size=&#8221;20px&#8221; header_3_text_color=&#8221;#658396&#8243; custom_margin=&#8221;0px||0px||false|false&#8221; custom_padding=&#8221;0px||0px||false|false&#8221; global_colors_info=&#8221;{}&#8221;]<\/p>\n<h2>Povezave<\/h2>\n<p>[\/et_pb_text][et_pb_text _builder_version=&#8221;4.16&#8243; _module_preset=&#8221;default&#8221; text_font=&#8221;Lato|700|||||||&#8221; text_text_color=&#8221;#FFFFFF&#8221; text_font_size=&#8221;16px&#8221; link_text_color=&#8221;#FFFFFF&#8221; custom_padding=&#8221;30px||||false|false&#8221; global_colors_info=&#8221;{}&#8221;]<\/p>\n<ul>\n<li><a href=\"https:\/\/sansupervision.com\/sl\/\">Supervision Adria Network<\/a><\/li>\n<li><a href=\"https:\/\/sansupervision.com\/sl\/kaj-je-coaching-supervizija\/\">Kaj je Coaching Supervizija?<\/a><\/li>\n<li><a href=\"https:\/\/sansupervision.com\/sl\/\">O nas<\/a><\/li>\n<li><a href=\"https:\/\/sansupervision.com\/sl\/blog\/\">Blog<\/a><\/li>\n<li><a href=\"https:\/\/sansupervision.com\/sl\/kontakt\/\">Kontakt<\/a><\/li>\n<\/ul>\n<p>[\/et_pb_text][\/et_pb_column][et_pb_column type=&#8221;1_4&#8243; _builder_version=&#8221;4.16&#8243; _module_preset=&#8221;default&#8221; global_colors_info=&#8221;{}&#8221;][et_pb_text _builder_version=&#8221;4.16&#8243; _module_preset=&#8221;default&#8221; text_text_color=&#8221;#FFFFFF&#8221; header_2_font=&#8221;|700||on|||||&#8221; header_2_text_color=&#8221;#F5FFFF&#8221; header_2_font_size=&#8221;20px&#8221; header_3_text_color=&#8221;#658396&#8243; custom_margin=&#8221;0px||0px||false|false&#8221; custom_padding=&#8221;0px||0px||false|false&#8221; global_colors_info=&#8221;{}&#8221;]<\/p>\n<h2>Povezave<\/h2>\n<p>[\/et_pb_text][et_pb_social_media_follow icon_color=&#8221;#F5FFFF&#8221; use_icon_font_size=&#8221;on&#8221; icon_font_size=&#8221;20px&#8221; _builder_version=&#8221;4.16&#8243; _module_preset=&#8221;default&#8221; custom_button=&#8221;on&#8221; button_bg_color=&#8221;#1C7FB8&#8243; text_orientation=&#8221;left&#8221; custom_padding=&#8221;30px||30px||true|false&#8221; border_radii=&#8221;on|25px|25px|25px|25px&#8221; global_colors_info=&#8221;{}&#8221;][et_pb_social_media_follow_network social_network=&#8221;facebook&#8221; _builder_version=&#8221;4.16&#8243; _module_preset=&#8221;default&#8221; background_color=&#8221;#3b5998&#8243; global_colors_info=&#8221;{}&#8221; follow_button=&#8221;off&#8221; url_new_window=&#8221;on&#8221;]facebook[\/et_pb_social_media_follow_network][et_pb_social_media_follow_network social_network=&#8221;twitter&#8221; _builder_version=&#8221;4.16&#8243; _module_preset=&#8221;default&#8221; background_color=&#8221;#00aced&#8221; global_colors_info=&#8221;{}&#8221; follow_button=&#8221;off&#8221; url_new_window=&#8221;on&#8221;]twitter[\/et_pb_social_media_follow_network][\/et_pb_social_media_follow][\/et_pb_column][\/et_pb_row][\/et_pb_section][et_pb_section fb_built=&#8221;1&#8243; _builder_version=&#8221;4.16&#8243; _module_preset=&#8221;default&#8221; background_color=&#8221;#0a0a0a&#8221; custom_padding=&#8221;10px||10px||true|false&#8221; global_colors_info=&#8221;{}&#8221;][et_pb_row _builder_version=&#8221;4.16&#8243; _module_preset=&#8221;default&#8221; custom_padding=&#8221;1px||1px||true|false&#8221; global_colors_info=&#8221;{}&#8221;][et_pb_column type=&#8221;4_4&#8243; _builder_version=&#8221;4.16&#8243; _module_preset=&#8221;default&#8221; global_colors_info=&#8221;{}&#8221;][et_pb_text _builder_version=&#8221;4.16&#8243; _module_preset=&#8221;default&#8221; text_text_color=&#8221;#F5FFFF&#8221; link_text_color=&#8221;#FFFFFF&#8221; global_colors_info=&#8221;{}&#8221;]<\/p>\n<p style=\"text-align: center;\"><strong>\u00a9 <\/strong>San Supervision \u0399 Developed by <a href=\"https:\/\/ignis.hr\/\" target=\"_blank\" rel=\"noopener\">IGNIS<\/a><\/p>\n<p>[\/et_pb_text][\/et_pb_column][\/et_pb_row][\/et_pb_section]<\/p>\n","protected":false},"excerpt":{"rendered":"<p>VEDRANA JOSIPOVI\u0106VEDRANA JOSIPOVI\u0106Certifikati Diploma in Coaching Supervision\u2019 by Bluesky International UK, 2022Diploma in Professional Coaching and Mentoring\u2019 by Oxford Brooks University UK u suradnji s the OCM UK, 2011Postgraduate Certificate in Psychology of Organisational Development and Change\u2019 by Heriot-Watt University UK u suradnji s CIPD UK, 2009Gestalt Coaching Fortbuilding\u2019 by IGW Munchen, 2005NLP Master Practitioner, [&hellip;]<\/p>\n","protected":false},"author":1,"featured_media":0,"parent":0,"menu_order":0,"comment_status":"closed","ping_status":"closed","template":"","meta":{"_et_pb_use_builder":"on","_et_pb_old_content":"","_et_gb_content_width":"","footnotes":""},"class_list":["post-710","page","type-page","status-publish","hentry"],"_links":{"self":[{"href":"https:\/\/sansupervision.com\/sl\/wp-json\/wp\/v2\/pages\/710","targetHints":{"allow":["GET"]}}],"collection":[{"href":"https:\/\/sansupervision.com\/sl\/wp-json\/wp\/v2\/pages"}],"about":[{"href":"https:\/\/sansupervision.com\/sl\/wp-json\/wp\/v2\/types\/page"}],"author":[{"embeddable":true,"href":"https:\/\/sansupervision.com\/sl\/wp-json\/wp\/v2\/users\/1"}],"replies":[{"embeddable":true,"href":"https:\/\/sansupervision.com\/sl\/wp-json\/wp\/v2\/comments?post=710"}],"version-history":[{"count":11,"href":"https:\/\/sansupervision.com\/sl\/wp-json\/wp\/v2\/pages\/710\/revisions"}],"predecessor-version":[{"id":1026,"href":"https:\/\/sansupervision.com\/sl\/wp-json\/wp\/v2\/pages\/710\/revisions\/1026"}],"wp:attachment":[{"href":"https:\/\/sansupervision.com\/sl\/wp-json\/wp\/v2\/media?parent=710"}],"curies":[{"name":"wp","href":"https:\/\/api.w.org\/{rel}","templated":true}]}}