{"id":722,"date":"2022-04-24T18:26:01","date_gmt":"2022-04-24T16:26:01","guid":{"rendered":"https:\/\/sansupervision.com\/?page_id=722"},"modified":"2023-01-25T11:46:21","modified_gmt":"2023-01-25T10:46:21","slug":"tihana-dragicevic","status":"publish","type":"page","link":"https:\/\/sansupervision.com\/en\/tihana-dragicevic\/","title":{"rendered":"Tihana Dragi\u010devi\u0107"},"content":{"rendered":"<p>[et_pb_section fb_built=&#8221;1&#8243; custom_padding_last_edited=&#8221;on|phone&#8221; disabled_on=&#8221;on|on|off&#8221; admin_label=&#8221;Blank Section &#8211; Image Background&#8221; _builder_version=&#8221;4.16.1&#8243; background_color=&#8221;#1C7FB8&#8243; background_enable_image=&#8221;off&#8221; custom_padding=&#8221;||||true|false&#8221; custom_padding_tablet=&#8221;260px||260px||true&#8221; custom_padding_phone=&#8221;100px|||&#8221; top_divider_flip=&#8221;horizontal&#8221; bottom_divider_color=&#8221;#f5f5f5&#8243; bottom_divider_flip=&#8221;horizontal&#8221; global_colors_info=&#8221;{}&#8221;][et_pb_row _builder_version=&#8221;4.16.1&#8243; _module_preset=&#8221;default&#8221; global_colors_info=&#8221;{}&#8221;][et_pb_column type=&#8221;4_4&#8243; _builder_version=&#8221;4.16&#8243; _module_preset=&#8221;default&#8221; global_colors_info=&#8221;{}&#8221;][et_pb_text _builder_version=&#8221;4.16.1&#8243; _module_preset=&#8221;default&#8221; header_text_align=&#8221;center&#8221; header_text_color=&#8221;#F5FFFF&#8221; header_font_size=&#8221;55px&#8221; global_colors_info=&#8221;{}&#8221;]<\/p>\n<h1><strong>TIHANA DRAGI\u010cEVI\u0106<\/strong><\/h1>\n<p>[\/et_pb_text][\/et_pb_column][\/et_pb_row][\/et_pb_section][et_pb_section fb_built=&#8221;1&#8243; custom_padding_last_edited=&#8221;on|phone&#8221; disabled_on=&#8221;off|off|on&#8221; admin_label=&#8221;Blank Section &#8211; Image Background&#8221; _builder_version=&#8221;4.16.1&#8243; background_color=&#8221;#1C7FB8&#8243; background_enable_image=&#8221;off&#8221; custom_padding=&#8221;||||true|false&#8221; custom_padding_tablet=&#8221;40px||40px||true|false&#8221; custom_padding_phone=&#8221;20px||20px||true|false&#8221; top_divider_flip=&#8221;horizontal&#8221; bottom_divider_color=&#8221;#f5f5f5&#8243; bottom_divider_flip=&#8221;horizontal&#8221; global_colors_info=&#8221;{}&#8221;][et_pb_row _builder_version=&#8221;4.16.1&#8243; _module_preset=&#8221;default&#8221; global_colors_info=&#8221;{}&#8221;][et_pb_column type=&#8221;4_4&#8243; _builder_version=&#8221;4.16&#8243; _module_preset=&#8221;default&#8221; global_colors_info=&#8221;{}&#8221;][et_pb_text _builder_version=&#8221;4.16.1&#8243; _module_preset=&#8221;default&#8221; header_text_align=&#8221;center&#8221; header_text_color=&#8221;#F5FFFF&#8221; header_font_size=&#8221;53px&#8221; global_colors_info=&#8221;{}&#8221;]<\/p>\n<h1><strong>TIHANA DRAGI\u010cEVI\u0106<\/strong><\/h1>\n<p>[\/et_pb_text][\/et_pb_column][\/et_pb_row][\/et_pb_section][et_pb_section fb_built=&#8221;1&#8243; specialty=&#8221;on&#8221; _builder_version=&#8221;4.16.1&#8243; _module_preset=&#8221;default&#8221; global_colors_info=&#8221;{}&#8221;][et_pb_column type=&#8221;1_4&#8243; _builder_version=&#8221;4.16&#8243; custom_padding=&#8221;|||&#8221; global_colors_info=&#8221;{}&#8221; custom_padding__hover=&#8221;|||&#8221;][et_pb_image src=&#8221;https:\/\/sansupervision.com\/wp-content\/uploads\/2022\/01\/Tihana-Dragicevic-.png&#8221; title_text=&#8221;Tihana-Dragicevic-&#8221; _builder_version=&#8221;4.16.1&#8243; _module_preset=&#8221;default&#8221; custom_padding=&#8221;||50px||false|false&#8221; border_radii=&#8221;on|250px|250px|250px|250px&#8221; border_width_all=&#8221;5px&#8221; border_color_all=&#8221;#1C7FB8&#8243; global_colors_info=&#8221;{}&#8221;][\/et_pb_image][et_pb_blurb title=&#8221;+ 385 98 1861040&#8243; use_icon=&#8221;on&#8221; font_icon=&#8221;&#xe090;||divi||400&#8243; icon_color=&#8221;#1C7FB8&#8243; image_icon_background_color=&#8221;#AFDEF5&#8243; icon_placement=&#8221;left&#8221; image_icon_width=&#8221;22px&#8221; _builder_version=&#8221;4.16.1&#8243; _module_preset=&#8221;default&#8221; header_line_height=&#8221;2em&#8221; border_radii_image=&#8221;on|30px|30px|30px|30px&#8221; border_width_all_image=&#8221;10px&#8221; border_color_all_image=&#8221;#AFDEF5&#8243; global_colors_info=&#8221;{}&#8221;][\/et_pb_blurb][et_pb_blurb title=&#8221;tihana@elevate.hr&#8221; use_icon=&#8221;on&#8221; font_icon=&#8221;&#xf0e0;||fa||900&#8243; icon_color=&#8221;#1C7FB8&#8243; image_icon_background_color=&#8221;#AFDEF5&#8243; icon_placement=&#8221;left&#8221; image_icon_width=&#8221;22px&#8221; _builder_version=&#8221;4.16.1&#8243; _module_preset=&#8221;default&#8221; header_line_height=&#8221;2em&#8221; border_radii_image=&#8221;on|30px|30px|30px|30px&#8221; border_width_all_image=&#8221;10px&#8221; border_color_all_image=&#8221;#AFDEF5&#8243; global_colors_info=&#8221;{}&#8221;][\/et_pb_blurb][et_pb_blurb title=&#8221;www.elevate.hr&#8221; url=&#8221;http:\/\/www.elevate.hr&#8221; url_new_window=&#8221;on&#8221; use_icon=&#8221;on&#8221; font_icon=&#8221;&#xe0e3;||divi||400&#8243; icon_color=&#8221;#1C7FB8&#8243; image_icon_background_color=&#8221;#AFDEF5&#8243; icon_placement=&#8221;left&#8221; image_icon_width=&#8221;22px&#8221; _builder_version=&#8221;4.16.1&#8243; _module_preset=&#8221;default&#8221; header_line_height=&#8221;2em&#8221; link_option_url=&#8221;www.elevate.hr&#8221; link_option_url_new_window=&#8221;on&#8221; border_radii_image=&#8221;on|30px|30px|30px|30px&#8221; border_width_all_image=&#8221;10px&#8221; border_color_all_image=&#8221;#AFDEF5&#8243; global_colors_info=&#8221;{}&#8221;][\/et_pb_blurb][et_pb_blurb title=&#8221;in\/tihanadragicevic\/&#8221; url=&#8221;https:\/\/www.linkedin.com\/in\/tihanadragicevic\/&#8221; url_new_window=&#8221;on&#8221; use_icon=&#8221;on&#8221; font_icon=&#8221;&#xf08c;||fa||400&#8243; icon_color=&#8221;#1C7FB8&#8243; image_icon_background_color=&#8221;#AFDEF5&#8243; icon_placement=&#8221;left&#8221; image_icon_width=&#8221;22px&#8221; _builder_version=&#8221;4.16.1&#8243; _module_preset=&#8221;default&#8221; header_line_height=&#8221;2em&#8221; link_option_url=&#8221;https:\/\/www.linkedin.com\/in\/tihanadragicevic\/&#8221; link_option_url_new_window=&#8221;on&#8221; border_radii_image=&#8221;on|30px|30px|30px|30px&#8221; border_width_all_image=&#8221;10px&#8221; border_color_all_image=&#8221;#AFDEF5&#8243; global_colors_info=&#8221;{}&#8221;][\/et_pb_blurb][\/et_pb_column][et_pb_column type=&#8221;3_4&#8243; specialty_columns=&#8221;3&#8243; _builder_version=&#8221;4.16&#8243; custom_padding=&#8221;|||&#8221; global_colors_info=&#8221;{}&#8221; custom_padding__hover=&#8221;|||&#8221;][et_pb_row_inner disabled_on=&#8221;on|on|off&#8221; _builder_version=&#8221;4.16.1&#8243; _module_preset=&#8221;default&#8221; custom_padding=&#8221;|20px||100px|false|false&#8221; global_colors_info=&#8221;{}&#8221;][et_pb_column_inner saved_specialty_column_type=&#8221;3_4&#8243; _builder_version=&#8221;4.16.1&#8243; _module_preset=&#8221;default&#8221; global_colors_info=&#8221;{}&#8221;][et_pb_text _builder_version=&#8221;4.16.1&#8243; _module_preset=&#8221;default&#8221; text_font_size=&#8221;16px&#8221; global_colors_info=&#8221;{}&#8221;]<\/p>\n<h2><strong>Certification<\/strong><\/h2>\n<ul>\n<li>ICF PCC, EMCC EIA SENIOR, EMCC ESIA SUPERVIZOR<\/li>\n<li>\u201dCoaching Supervision\u201d, Bluesky International UK, 2022<\/li>\n<li>\u201dSenior Practitioner Coach Mentor individual accreditation\u201d, EMCC 2020<\/li>\n<li>\u201dTeam coaching\u201d, David Clutterbuck Partnership UK, 2019<\/li>\n<li>\u201dSystemic constellations\u201d, Olde Vechte and Intuition in Business, The Netherlands, 2017<\/li>\n<li>\u201dProfessional Coaching and Mentoring\u201d, Oxford Brooks University UK with the OCM UK, 2015<\/li>\n<li>\u201dNLP Master Practitioner\u201d, Tenodi Consulting Croatia, 2013<\/li>\n<li>\u201dNLP Coaching training\u201d, Olde Vechte The Netherlands, 2010<\/li>\n<li>\u201dExperiential learning in nature\u201d, Outward Bound Croatia, 2009<\/li>\n<li>\u201dPersonal development education 1&amp;2\u201d, Olde Vechte, The Netherlands, 2009<\/li>\n<\/ul>\n<p>&nbsp;<\/p>\n<h2><strong>Formal Education<\/strong><\/h2>\n<p>Faculty of Humanities and Social Sciences, English and French language and literature major, 2009<\/p>\n<p>&nbsp;<\/p>\n<h2><strong>Supervision Philosophy<\/strong><\/h2>\n<p>I base my work as a supervisor on a systemic and integrative approach, using the body and emotions as valuable contexts. The classic 7 eyed supervision model elegantly depicts the capacity of supervision. To support the supervisee to observe himself and his relations from at least seven different perspectives, gives me and him a whole world to consider. Because I believe the two of us are partners in this journey that makes him excel professionally and personally.<\/p>\n<p>&nbsp;<\/p>\n<h2><strong>Interests, free time<\/strong><\/h2>\n<ul>\n<li>I pursue Vedic knowledge (Jyotish, Vastu and Yoga)<\/li>\n<li>I more and more see nature, understanding its processes and enjoying it.\u00a0 As well as occasional gardening.<\/li>\n<li>carrying a curious and dynamic spirit, I am drawn to groups of people<\/li>\n<li>I believe in human beings, this is the reason I successfuly turned one of my hobbies, coaching, into my profession.<\/li>\n<\/ul>\n<p>&nbsp;<\/p>\n<h2><strong>Motos<\/strong><\/h2>\n<p>Everybody is their own master-piece<\/p>\n<p>[\/et_pb_text][\/et_pb_column_inner][\/et_pb_row_inner][et_pb_row_inner disabled_on=&#8221;off|off|on&#8221; _builder_version=&#8221;4.16.1&#8243; _module_preset=&#8221;default&#8221; custom_padding=&#8221;||||false|false&#8221; global_colors_info=&#8221;{}&#8221;][et_pb_column_inner saved_specialty_column_type=&#8221;3_4&#8243; _builder_version=&#8221;4.16.1&#8243; _module_preset=&#8221;default&#8221; global_colors_info=&#8221;{}&#8221;][et_pb_text _builder_version=&#8221;4.16.1&#8243; _module_preset=&#8221;default&#8221; text_font_size=&#8221;16px&#8221; global_colors_info=&#8221;{}&#8221;]<\/p>\n<h2><strong>Certification<\/strong><\/h2>\n<p>Coaching Supervision\u201d, Bluesky International UK, 2022<br \/>Senior Practitioner Coach Mentor individual accreditation\u201d, EMCC 2020<br \/>Team coaching\u201d, David Clutterbuck Partnership UK, 2019<br \/>Systemic constellations\u201d, Olde Vechte and Intuition in Business, The Netherlands, 2017<br \/>Professional Coaching and Mentoring\u201d, Oxford Brooks University UK with the OCM UK, 2015<br \/>NLP Master Practitioner\u201d, Tenodi Consulting Croatia, 2013<br \/>NLP Coaching training\u201d, Olde Vechte The Netherlands, 2010<br \/>Experiential learning in nature\u201d, Outward Bound Croatia, 2009<br \/>Personal development education 1&amp;2\u201d, Olde Vechte, The Netherlands, 2009<\/p>\n<p>&nbsp;<\/p>\n<h2><strong>Formal Education<\/strong><\/h2>\n<p>Faculty of Humanities and Social Sciences, English and French language and literature major, 2009<\/p>\n<p>&nbsp;<\/p>\n<h2><strong>Supervision Philosophy<\/strong><\/h2>\n<p>I base my work as a supervisor on a systemic and integrative approach, using the body and emotions as valuable contexts. The classic 7 eyed supervision model elegantly depicts the capacity of supervision. To support the supervisee to observe himself and his relations from at least seven different perspectives, gives me and him a whole world to consider. Because I believe the two of us are partners in this journey that makes him excel professionally and personally.<\/p>\n<p>&nbsp;<\/p>\n<h2><strong>Interests, free time<\/strong><\/h2>\n<p>I pursue Vedic knowledge (Jyotish, Vastu and Yoga)<br \/>I more and more see nature, understanding its processes and enjoying it. As well as occasional gardening.<br \/>carrying a curious and dynamic spirit, I am drawn to groups of people<br \/>I believe in human beings, this is the reason I successfuly turned one of my hobbies, coaching, into my profession.<\/p>\n<p>&nbsp;<\/p>\n<h2><strong>Motos<\/strong><\/h2>\n<p>Everybody is their own master-piece<\/p>\n<p>[\/et_pb_text][\/et_pb_column_inner][\/et_pb_row_inner][\/et_pb_column][\/et_pb_section][et_pb_section fb_built=&#8221;1&#8243; _builder_version=&#8221;4.16.1&#8243; _module_preset=&#8221;default&#8221; background_color=&#8221;rgba(175,222,245,0.09)&#8221; global_colors_info=&#8221;{}&#8221;][et_pb_row _builder_version=&#8221;4.16.1&#8243; _module_preset=&#8221;default&#8221; global_colors_info=&#8221;{}&#8221;][et_pb_column type=&#8221;4_4&#8243; _builder_version=&#8221;4.16.1&#8243; _module_preset=&#8221;default&#8221; global_colors_info=&#8221;{}&#8221;][et_pb_text _builder_version=&#8221;4.16.1&#8243; _module_preset=&#8221;default&#8221; header_font_size=&#8221;35px&#8221; header_2_text_align=&#8221;center&#8221; header_2_text_color=&#8221;#1C7FB8&#8243; header_2_font_size=&#8221;35px&#8221; global_colors_info=&#8221;{}&#8221;]<\/p>\n<h2><strong>GET IN TOUCH<\/strong><\/h2>\n<p>[\/et_pb_text][et_pb_contact_form email=&#8221;tihana@elevate.hr&#8221; success_message=&#8221;Thank you for the message I will get back to you soon.&#8221; submit_button_text=&#8221;Send a Message&#8221; module_id=&#8221;et_pb_contact_form_0&#8243; _builder_version=&#8221;4.16.1&#8243; _module_preset=&#8221;default&#8221; _unique_id=&#8221;e265e9b5-53c7-417d-8d7c-cb52964f177b&#8221; form_field_background_color=&#8221;#edf0f7&#8243; title_font=&#8221;||||||||&#8221; form_field_font=&#8221;Lato||||||||&#8221; form_field_font_size=&#8221;16px&#8221; custom_button=&#8221;on&#8221; button_text_size=&#8221;14px&#8221; button_text_color=&#8221;#ffffff&#8221; button_bg_color=&#8221;#1C7FB8&#8243; button_border_width=&#8221;12px&#8221; button_border_color=&#8221;#1C7FB8&#8243; button_border_radius=&#8221;50px&#8221; button_letter_spacing=&#8221;2px&#8221; button_font=&#8221;Lato|900||on|||||&#8221; button_icon=&#8221;&#x24;||divi||400&#8243; max_width=&#8221;700px&#8221; module_alignment=&#8221;center&#8221; animation_style=&#8221;slide&#8221; animation_direction=&#8221;bottom&#8221; animation_intensity_slide=&#8221;5%&#8221; border_radii=&#8221;on|3px|3px|3px|3px&#8221; global_colors_info=&#8221;{}&#8221;][et_pb_contact_field field_id=&#8221;Ime&#8221; field_title=&#8221;Your name&#8221; _builder_version=&#8221;4.16.1&#8243; global_colors_info=&#8221;{}&#8221; button_text_size__hover_enabled=&#8221;off&#8221; button_one_text_size__hover_enabled=&#8221;off&#8221; button_two_text_size__hover_enabled=&#8221;off&#8221; button_text_color__hover_enabled=&#8221;off&#8221; button_one_text_color__hover_enabled=&#8221;off&#8221; button_two_text_color__hover_enabled=&#8221;off&#8221; button_border_width__hover_enabled=&#8221;off&#8221; button_one_border_width__hover_enabled=&#8221;off&#8221; button_two_border_width__hover_enabled=&#8221;off&#8221; button_border_color__hover_enabled=&#8221;off&#8221; button_one_border_color__hover_enabled=&#8221;off&#8221; button_two_border_color__hover_enabled=&#8221;off&#8221; button_border_radius__hover_enabled=&#8221;off&#8221; button_one_border_radius__hover_enabled=&#8221;off&#8221; button_two_border_radius__hover_enabled=&#8221;off&#8221; button_letter_spacing__hover_enabled=&#8221;off&#8221; button_one_letter_spacing__hover_enabled=&#8221;off&#8221; button_two_letter_spacing__hover_enabled=&#8221;off&#8221; button_bg_color__hover_enabled=&#8221;off&#8221; button_one_bg_color__hover_enabled=&#8221;off&#8221; button_two_bg_color__hover_enabled=&#8221;off&#8221;][\/et_pb_contact_field][et_pb_contact_field field_id=&#8221;Email&#8221; field_title=&#8221;Your email&#8221; field_type=&#8221;email&#8221; _builder_version=&#8221;4.16.1&#8243; global_colors_info=&#8221;{}&#8221; button_text_size__hover_enabled=&#8221;off&#8221; button_one_text_size__hover_enabled=&#8221;off&#8221; button_two_text_size__hover_enabled=&#8221;off&#8221; button_text_color__hover_enabled=&#8221;off&#8221; button_one_text_color__hover_enabled=&#8221;off&#8221; button_two_text_color__hover_enabled=&#8221;off&#8221; button_border_width__hover_enabled=&#8221;off&#8221; button_one_border_width__hover_enabled=&#8221;off&#8221; button_two_border_width__hover_enabled=&#8221;off&#8221; button_border_color__hover_enabled=&#8221;off&#8221; button_one_border_color__hover_enabled=&#8221;off&#8221; button_two_border_color__hover_enabled=&#8221;off&#8221; button_border_radius__hover_enabled=&#8221;off&#8221; button_one_border_radius__hover_enabled=&#8221;off&#8221; button_two_border_radius__hover_enabled=&#8221;off&#8221; button_letter_spacing__hover_enabled=&#8221;off&#8221; button_one_letter_spacing__hover_enabled=&#8221;off&#8221; button_two_letter_spacing__hover_enabled=&#8221;off&#8221; button_bg_color__hover_enabled=&#8221;off&#8221; button_one_bg_color__hover_enabled=&#8221;off&#8221; button_two_bg_color__hover_enabled=&#8221;off&#8221;][\/et_pb_contact_field][et_pb_contact_field field_id=&#8221;Message&#8221; field_title=&#8221;Your message&#8221; field_type=&#8221;text&#8221; fullwidth_field=&#8221;on&#8221; _builder_version=&#8221;4.16.1&#8243; global_colors_info=&#8221;{}&#8221; button_text_size__hover_enabled=&#8221;off&#8221; button_one_text_size__hover_enabled=&#8221;off&#8221; button_two_text_size__hover_enabled=&#8221;off&#8221; button_text_color__hover_enabled=&#8221;off&#8221; button_one_text_color__hover_enabled=&#8221;off&#8221; button_two_text_color__hover_enabled=&#8221;off&#8221; button_border_width__hover_enabled=&#8221;off&#8221; button_one_border_width__hover_enabled=&#8221;off&#8221; button_two_border_width__hover_enabled=&#8221;off&#8221; button_border_color__hover_enabled=&#8221;off&#8221; button_one_border_color__hover_enabled=&#8221;off&#8221; button_two_border_color__hover_enabled=&#8221;off&#8221; button_border_radius__hover_enabled=&#8221;off&#8221; button_one_border_radius__hover_enabled=&#8221;off&#8221; button_two_border_radius__hover_enabled=&#8221;off&#8221; button_letter_spacing__hover_enabled=&#8221;off&#8221; button_one_letter_spacing__hover_enabled=&#8221;off&#8221; button_two_letter_spacing__hover_enabled=&#8221;off&#8221; button_bg_color__hover_enabled=&#8221;off&#8221; button_one_bg_color__hover_enabled=&#8221;off&#8221; button_two_bg_color__hover_enabled=&#8221;off&#8221;][\/et_pb_contact_field][\/et_pb_contact_form][\/et_pb_column][\/et_pb_row][\/et_pb_section][et_pb_section fb_built=&#8221;1&#8243; _builder_version=&#8221;4.16&#8243; _module_preset=&#8221;default&#8221; background_color=&#8221;#495e68&#8243; background_image=&#8221;https:\/\/sansupervision.com\/wp-content\/uploads\/2022\/01\/paul-teysen-OEppe6J-Ggc-unsplash.jpg&#8221; background_enable_image=&#8221;off&#8221; background_blend=&#8221;multiply&#8221; custom_padding=&#8221;53px||53px||true|false&#8221; saved_tabs=&#8221;all&#8221; global_colors_info=&#8221;{}&#8221;][et_pb_row column_structure=&#8221;1_4,1_4,1_4,1_4&#8243; _builder_version=&#8221;4.16&#8243; _module_preset=&#8221;default&#8221; global_colors_info=&#8221;{}&#8221;][et_pb_column type=&#8221;1_4&#8243; _builder_version=&#8221;4.16&#8243; _module_preset=&#8221;default&#8221; global_colors_info=&#8221;{}&#8221;][et_pb_image src=&#8221;https:\/\/sansupervision.com\/wp-content\/uploads\/2021\/12\/cropped-SanSupervision-Logo.png&#8221; title_text=&#8221;cropped-SanSupervision-Logo.png&#8221; _builder_version=&#8221;4.16&#8243; _module_preset=&#8221;default&#8221; global_colors_info=&#8221;{}&#8221;][\/et_pb_image][\/et_pb_column][et_pb_column type=&#8221;1_4&#8243; _builder_version=&#8221;4.16&#8243; _module_preset=&#8221;default&#8221; global_colors_info=&#8221;{}&#8221;][et_pb_text _builder_version=&#8221;4.16&#8243; _module_preset=&#8221;default&#8221; text_text_color=&#8221;#FFFFFF&#8221; text_line_height=&#8221;2.3em&#8221; header_2_font=&#8221;Lato|700|on||||||&#8221; header_2_text_align=&#8221;center&#8221; header_2_text_color=&#8221;#FFFFFF&#8221; header_2_font_size=&#8221;23px&#8221; header_2_line_height=&#8221;1.4em&#8221; background_layout=&#8221;dark&#8221; custom_padding=&#8221;0px||||false|false&#8221; global_colors_info=&#8221;{}&#8221;]<\/p>\n<h2>FIND YOURS SUPERVISION COACH TODAY!<\/h2>\n<p>[\/et_pb_text][et_pb_button button_text=&#8221;Sign Up&#8221; button_alignment=&#8221;center&#8221; _builder_version=&#8221;4.16&#8243; _module_preset=&#8221;default&#8221; custom_button=&#8221;on&#8221; button_text_size=&#8221;14px&#8221; button_text_color=&#8221;#345168&#8243; button_bg_color=&#8221;#ffffff&#8221; button_border_width=&#8221;11px&#8221; button_border_color=&#8221;#ffffff&#8221; button_border_radius=&#8221;50px&#8221; button_letter_spacing=&#8221;2px&#8221; button_font=&#8221;Lato|900||on|||||&#8221; button_icon=&#8221;&#x24;||divi||400&#8243; custom_margin=&#8221;20px||20px||true&#8221; custom_padding=&#8221;|30px||30px|false|true&#8221; global_colors_info=&#8221;{}&#8221;][\/et_pb_button][\/et_pb_column][et_pb_column type=&#8221;1_4&#8243; _builder_version=&#8221;4.16&#8243; _module_preset=&#8221;default&#8221; global_colors_info=&#8221;{}&#8221;][et_pb_text _builder_version=&#8221;4.16&#8243; _module_preset=&#8221;default&#8221; text_text_color=&#8221;#FFFFFF&#8221; header_2_font=&#8221;|700||on|||||&#8221; header_2_text_color=&#8221;#F5FFFF&#8221; header_2_font_size=&#8221;20px&#8221; header_3_text_color=&#8221;#658396&#8243; custom_margin=&#8221;0px||0px||false|false&#8221; custom_padding=&#8221;0px||0px||false|false&#8221; global_colors_info=&#8221;{}&#8221;]<\/p>\n<h2>Links<\/h2>\n<p>[\/et_pb_text][et_pb_text _builder_version=&#8221;4.16&#8243; _module_preset=&#8221;default&#8221; text_font=&#8221;Lato|700|||||||&#8221; text_text_color=&#8221;#FFFFFF&#8221; text_font_size=&#8221;16px&#8221; link_text_color=&#8221;#FFFFFF&#8221; custom_padding=&#8221;30px||||false|false&#8221; global_colors_info=&#8221;{}&#8221;]<\/p>\n<ul>\n<li><a href=\"https:\/\/sansupervision.com\/en\/\">Supervision Adria Network<\/a><\/li>\n<li><a href=\"https:\/\/sansupervision.com\/en\/what-is-supervision\/\">What is SuperVision?<\/a><\/li>\n<li><a href=\"https:\/\/sansupervision.com\/en\/about-us\/\">About Us<\/a><\/li>\n<li><a href=\"https:\/\/sansupervision.com\/en\/blog\/\">Blog<\/a><\/li>\n<li><a href=\"https:\/\/sansupervision.com\/en\/contact\/\">Contact<\/a><\/li>\n<\/ul>\n<p>[\/et_pb_text][\/et_pb_column][et_pb_column type=&#8221;1_4&#8243; _builder_version=&#8221;4.16&#8243; _module_preset=&#8221;default&#8221; global_colors_info=&#8221;{}&#8221;][et_pb_text _builder_version=&#8221;4.16&#8243; _module_preset=&#8221;default&#8221; text_text_color=&#8221;#FFFFFF&#8221; header_2_font=&#8221;|700||on|||||&#8221; header_2_text_color=&#8221;#F5FFFF&#8221; header_2_font_size=&#8221;20px&#8221; header_3_text_color=&#8221;#658396&#8243; custom_margin=&#8221;0px||0px||false|false&#8221; custom_padding=&#8221;0px||0px||false|false&#8221; global_colors_info=&#8221;{}&#8221;]<\/p>\n<h2>Links<\/h2>\n<p>[\/et_pb_text][et_pb_social_media_follow icon_color=&#8221;#F5FFFF&#8221; use_icon_font_size=&#8221;on&#8221; icon_font_size=&#8221;20px&#8221; _builder_version=&#8221;4.16&#8243; _module_preset=&#8221;default&#8221; custom_button=&#8221;on&#8221; button_bg_color=&#8221;#1C7FB8&#8243; text_orientation=&#8221;left&#8221; custom_padding=&#8221;30px||30px||true|false&#8221; border_radii=&#8221;on|25px|25px|25px|25px&#8221; global_colors_info=&#8221;{}&#8221;][et_pb_social_media_follow_network social_network=&#8221;facebook&#8221; _builder_version=&#8221;4.16&#8243; _module_preset=&#8221;default&#8221; background_color=&#8221;#3b5998&#8243; global_colors_info=&#8221;{}&#8221; follow_button=&#8221;off&#8221; url_new_window=&#8221;on&#8221;]facebook[\/et_pb_social_media_follow_network][et_pb_social_media_follow_network social_network=&#8221;twitter&#8221; _builder_version=&#8221;4.16&#8243; _module_preset=&#8221;default&#8221; background_color=&#8221;#00aced&#8221; global_colors_info=&#8221;{}&#8221; follow_button=&#8221;off&#8221; url_new_window=&#8221;on&#8221;]twitter[\/et_pb_social_media_follow_network][\/et_pb_social_media_follow][\/et_pb_column][\/et_pb_row][\/et_pb_section][et_pb_section fb_built=&#8221;1&#8243; _builder_version=&#8221;4.16&#8243; _module_preset=&#8221;default&#8221; background_color=&#8221;#0a0a0a&#8221; custom_padding=&#8221;10px||10px||true|false&#8221; global_colors_info=&#8221;{}&#8221;][et_pb_row _builder_version=&#8221;4.16&#8243; _module_preset=&#8221;default&#8221; custom_padding=&#8221;1px||1px||true|false&#8221; global_colors_info=&#8221;{}&#8221;][et_pb_column type=&#8221;4_4&#8243; _builder_version=&#8221;4.16&#8243; _module_preset=&#8221;default&#8221; global_colors_info=&#8221;{}&#8221;][et_pb_text _builder_version=&#8221;4.16&#8243; _module_preset=&#8221;default&#8221; text_text_color=&#8221;#F5FFFF&#8221; link_text_color=&#8221;#FFFFFF&#8221; global_colors_info=&#8221;{}&#8221;]<\/p>\n<p style=\"text-align: center;\"><strong>\u00a9 <\/strong>San Supervision \u0399 Developed by <a href=\"https:\/\/ignis.hr\/\" target=\"_blank\" rel=\"noopener\">IGNIS<\/a><\/p>\n<p>[\/et_pb_text][\/et_pb_column][\/et_pb_row][\/et_pb_section]<\/p>\n","protected":false},"excerpt":{"rendered":"<p>TIHANA DRAGI\u010cEVI\u0106TIHANA DRAGI\u010cEVI\u0106Certification ICF PCC, EMCC EIA SENIOR, EMCC ESIA SUPERVIZOR \u201dCoaching Supervision\u201d, Bluesky International UK, 2022 \u201dSenior Practitioner Coach Mentor individual accreditation\u201d, EMCC 2020 \u201dTeam coaching\u201d, David Clutterbuck Partnership UK, 2019 \u201dSystemic constellations\u201d, Olde Vechte and Intuition in Business, The Netherlands, 2017 \u201dProfessional Coaching and Mentoring\u201d, Oxford Brooks University UK with the OCM UK, [&hellip;]<\/p>\n","protected":false},"author":1,"featured_media":0,"parent":0,"menu_order":0,"comment_status":"closed","ping_status":"closed","template":"","meta":{"_et_pb_use_builder":"on","_et_pb_old_content":"","_et_gb_content_width":"","footnotes":""},"class_list":["post-722","page","type-page","status-publish","hentry"],"_links":{"self":[{"href":"https:\/\/sansupervision.com\/en\/wp-json\/wp\/v2\/pages\/722","targetHints":{"allow":["GET"]}}],"collection":[{"href":"https:\/\/sansupervision.com\/en\/wp-json\/wp\/v2\/pages"}],"about":[{"href":"https:\/\/sansupervision.com\/en\/wp-json\/wp\/v2\/types\/page"}],"author":[{"embeddable":true,"href":"https:\/\/sansupervision.com\/en\/wp-json\/wp\/v2\/users\/1"}],"replies":[{"embeddable":true,"href":"https:\/\/sansupervision.com\/en\/wp-json\/wp\/v2\/comments?post=722"}],"version-history":[{"count":13,"href":"https:\/\/sansupervision.com\/en\/wp-json\/wp\/v2\/pages\/722\/revisions"}],"predecessor-version":[{"id":1298,"href":"https:\/\/sansupervision.com\/en\/wp-json\/wp\/v2\/pages\/722\/revisions\/1298"}],"wp:attachment":[{"href":"https:\/\/sansupervision.com\/en\/wp-json\/wp\/v2\/media?parent=722"}],"curies":[{"name":"wp","href":"https:\/\/api.w.org\/{rel}","templated":true}]}}